{"id":235,"date":"2024-08-16T17:18:06","date_gmt":"2024-08-16T17:18:06","guid":{"rendered":"https:\/\/luminicled.com\/?post_type=product&#038;p=235"},"modified":"2025-02-25T18:51:46","modified_gmt":"2025-02-25T18:51:46","slug":"candil-de-led-aitihad-165w-negro","status":"publish","type":"product","link":"https:\/\/iluminacionisledeb.com\/?product=candil-de-led-aitihad-165w-negro","title":{"rendered":"Candil de Led AITIHAD 165W Negro"},"content":{"rendered":"<p>Dise\u00f1o moderno con iluminaci\u00f3n LED, dimeables en tres tonos de luz controla la intensidad y tono a tu elecci\u00f3n, combinaci\u00f3n de dise\u00f1os exclusivos con los m\u00e1s altos est\u00e1ndares calidad, produce un ambiente \u00fanico, moderno y adecuado para cualquier \u00e1rea del hogar u oficina.<\/p>\n<p>La iluminaci\u00f3n led est\u00e1 a favor de la ecolog\u00eda ya que es un potente ahorrador de energ\u00eda, hasta un 80%, menos de consumo de luz comparado con una bombilla incandescente tradicional.<\/p>\n<p>Con nuestros candiles generaras una atmosfera con un estilo sofisticado cada uno de nuestros dise\u00f1os son delicadamente pensados en estilos modernos y elegantes.<\/p>\n<p>Somos la empresa con mayor innovaci\u00f3n y potencia en iluminaci\u00f3n ya que todos nuestros dise\u00f1os est\u00e1n creados en tama\u00f1o m\u00e1s grande ideal as\u00ed para lucir e iluminar cada espacio.<\/p>\n<p><img loading=\"lazy\" decoding=\"async\" class=\"aligncenter\" src=\"https:\/\/leoniluminacion.mx\/wp-content\/uploads\/2022\/05\/b9dc20da-198d-4754-a54d-85532941e08c.jpg\" width=\"193\" height=\"280\" \/><\/p>\n<p>&nbsp;<\/p>\n","protected":false},"excerpt":{"rendered":"<p>Dise\u00f1o moderno con iluminaci\u00f3n LED, dimeables en tres tonos de luz controla la intensidad y tono a tu elecci\u00f3n, combinaci\u00f3n de dise\u00f1os exclusivos con los m\u00e1s altos est\u00e1ndares calidad, produce un ambiente \u00fanico, moderno y adecuado para cualquier \u00e1rea del hogar u oficina. La iluminaci\u00f3n led est\u00e1 a favor de la ecolog\u00eda ya que es [&hellip;]<\/p>\n","protected":false},"featured_media":428,"comment_status":"open","ping_status":"closed","template":"","meta":[],"product_brand":[],"product_cat":[19,22],"product_tag":[20,38,39,30],"class_list":{"0":"post-235","1":"product","2":"type-product","3":"status-publish","4":"has-post-thumbnail","6":"product_cat-candiles-led","7":"product_cat-raynor","8":"product_tag-candil-de-led","9":"product_tag-candil-de-led-modernista","10":"product_tag-lampara-de-techo","11":"product_tag-lampara-led","13":"first","14":"instock","15":"sale","16":"shipping-taxable","17":"purchasable","18":"product-type-simple"},"_links":{"self":[{"href":"https:\/\/iluminacionisledeb.com\/index.php?rest_route=\/wp\/v2\/product\/235","targetHints":{"allow":["GET"]}}],"collection":[{"href":"https:\/\/iluminacionisledeb.com\/index.php?rest_route=\/wp\/v2\/product"}],"about":[{"href":"https:\/\/iluminacionisledeb.com\/index.php?rest_route=\/wp\/v2\/types\/product"}],"replies":[{"embeddable":true,"href":"https:\/\/iluminacionisledeb.com\/index.php?rest_route=%2Fwp%2Fv2%2Fcomments&post=235"}],"wp:featuredmedia":[{"embeddable":true,"href":"https:\/\/iluminacionisledeb.com\/index.php?rest_route=\/wp\/v2\/media\/428"}],"wp:attachment":[{"href":"https:\/\/iluminacionisledeb.com\/index.php?rest_route=%2Fwp%2Fv2%2Fmedia&parent=235"}],"wp:term":[{"taxonomy":"product_brand","embeddable":true,"href":"https:\/\/iluminacionisledeb.com\/index.php?rest_route=%2Fwp%2Fv2%2Fproduct_brand&post=235"},{"taxonomy":"product_cat","embeddable":true,"href":"https:\/\/iluminacionisledeb.com\/index.php?rest_route=%2Fwp%2Fv2%2Fproduct_cat&post=235"},{"taxonomy":"product_tag","embeddable":true,"href":"https:\/\/iluminacionisledeb.com\/index.php?rest_route=%2Fwp%2Fv2%2Fproduct_tag&post=235"}],"curies":[{"name":"wp","href":"https:\/\/api.w.org\/{rel}","templated":true}]}}