{"id":239,"date":"2024-08-16T17:18:06","date_gmt":"2024-08-16T17:18:06","guid":{"rendered":"https:\/\/luminicled.com\/?post_type=product&#038;p=239"},"modified":"2025-11-15T04:40:14","modified_gmt":"2025-11-15T04:40:14","slug":"lampara-solar-suburbana-zl-rs-100w","status":"publish","type":"product","link":"https:\/\/iluminacionisledeb.com\/?product=lampara-solar-suburbana-zl-rs-100w","title":{"rendered":"L\u00e1mpara Solar Suburbana ZL-RS-100W"},"content":{"rendered":"<p>El objetivo de un alumbrado sustentable es reemplazar las luminarias convencionales por modelos solares, eliminando as\u00ed el consumo de energ\u00eda el\u00e9ctrica. Al instalar luminarias Zolar LED, no solo fomentamos el ahorro de energ\u00eda, sino que tambi\u00e9n reflejamos nuestro compromiso con la sustentabilidad y el cuidado del medio ambiente. Este tipo de iluminaci\u00f3n proyecta responsabilidad y conciencia ecol\u00f3gica, especialmente al instalar l\u00e1mparas solares en \u00e1reas suburbanas.<\/p>\n<p>MARCA: ZOLAR LED<\/p>\n<p>POTENCIA: 100W<\/p>\n<p>LUZ BLANCA: 6,000 \u00b0K<\/p>\n<p>EFICIENCIA LUMINOSA: 90 lm\/watt<\/p>\n<p>\u00cdNDICE DE PROTECCI\u00d3N: IP65<\/p>\n<p>VIDA \u00daTIL: 50,000 horas<\/p>\n<p>\u00c1NGULO DE ILUMINACI\u00d3N: 120\u00b0<\/p>\n<p>LEDs: 360 LED SMD<\/p>\n<p>SENSOR RADAR DE MOVIMIENTO<\/p>\n<p>DURACI\u00d3N: 8-10 horas de uso por carga<\/p>\n<p>PANEL SOLAR: Silic\u00f3n monocristalino<\/p>\n<p>PESO: 3 kg<\/p>\n<p>CAPACIDAD DE LA BATER\u00cdA: 24 VCC, 10,000 mAh<\/p>\n<p>USO: Exterior<\/p>\n<p>\ud83d\udd39 La l\u00e1mpara se recarga con el sol y cuenta con sensor de movimiento. Por las noches, enciende autom\u00e1ticamente y, cuando no detecta movimiento, reduce su intensidad al 50 % aproximadamente (no se apaga). La bater\u00eda dura entre 8 y 10 horas.<\/p>\n<p><img loading=\"lazy\" decoding=\"async\" class=\"wp-image-1340 aligncenter\" src=\"https:\/\/leoniluminacion.mx\/wp-content\/uploads\/2022\/06\/FICHA-TECNICA-.4-1.jpg\" alt=\"\" width=\"605\" height=\"892\" \/><\/p>\n","protected":false},"excerpt":{"rendered":"<p>El objetivo de un alumbrado sustentable es reemplazar las luminarias convencionales por modelos solares, eliminando as\u00ed el consumo de energ\u00eda el\u00e9ctrica. Al instalar luminarias Zolar LED, no solo fomentamos el ahorro de energ\u00eda, sino que tambi\u00e9n reflejamos nuestro compromiso con la sustentabilidad y el cuidado del medio ambiente. Este tipo de iluminaci\u00f3n proyecta responsabilidad y [&hellip;]<\/p>\n","protected":false},"featured_media":470,"comment_status":"open","ping_status":"closed","template":"","meta":[],"product_brand":[],"product_cat":[54],"product_tag":[55,56,57],"class_list":{"0":"post-239","1":"product","2":"type-product","3":"status-publish","4":"has-post-thumbnail","6":"product_cat-suburbana-solar-led","7":"product_tag-lampara-solar","8":"product_tag-lampara-solar-suburbana","9":"product_tag-suburbana-solar","11":"first","12":"instock","13":"sale","14":"shipping-taxable","15":"purchasable","16":"product-type-simple"},"_links":{"self":[{"href":"https:\/\/iluminacionisledeb.com\/index.php?rest_route=\/wp\/v2\/product\/239","targetHints":{"allow":["GET"]}}],"collection":[{"href":"https:\/\/iluminacionisledeb.com\/index.php?rest_route=\/wp\/v2\/product"}],"about":[{"href":"https:\/\/iluminacionisledeb.com\/index.php?rest_route=\/wp\/v2\/types\/product"}],"replies":[{"embeddable":true,"href":"https:\/\/iluminacionisledeb.com\/index.php?rest_route=%2Fwp%2Fv2%2Fcomments&post=239"}],"wp:featuredmedia":[{"embeddable":true,"href":"https:\/\/iluminacionisledeb.com\/index.php?rest_route=\/wp\/v2\/media\/470"}],"wp:attachment":[{"href":"https:\/\/iluminacionisledeb.com\/index.php?rest_route=%2Fwp%2Fv2%2Fmedia&parent=239"}],"wp:term":[{"taxonomy":"product_brand","embeddable":true,"href":"https:\/\/iluminacionisledeb.com\/index.php?rest_route=%2Fwp%2Fv2%2Fproduct_brand&post=239"},{"taxonomy":"product_cat","embeddable":true,"href":"https:\/\/iluminacionisledeb.com\/index.php?rest_route=%2Fwp%2Fv2%2Fproduct_cat&post=239"},{"taxonomy":"product_tag","embeddable":true,"href":"https:\/\/iluminacionisledeb.com\/index.php?rest_route=%2Fwp%2Fv2%2Fproduct_tag&post=239"}],"curies":[{"name":"wp","href":"https:\/\/api.w.org\/{rel}","templated":true}]}}