{"id":240,"date":"2024-08-16T17:18:06","date_gmt":"2024-08-16T17:18:06","guid":{"rendered":"https:\/\/luminicled.com\/?post_type=product&#038;p=240"},"modified":"2025-03-29T19:05:28","modified_gmt":"2025-03-29T19:05:28","slug":"lampara-suburbana-solar-zl-sld-200w","status":"publish","type":"product","link":"https:\/\/iluminacionisledeb.com\/?product=lampara-suburbana-solar-zl-sld-200w","title":{"rendered":"L\u00e1mpara Suburbana Solar ZL-SLD-200W-RGB"},"content":{"rendered":"<p>El objetivo de un alumbrado sustentable es reemplazar las luminarias convencionales por modelos solares, eliminando as\u00ed el consumo de energ\u00eda el\u00e9ctrica. Al instalar luminarias Zolar LED, no solo fomentamos el ahorro de energ\u00eda, sino que tambi\u00e9n reflejamos nuestro compromiso con la sustentabilidad y el cuidado del medio ambiente. Este tipo de iluminaci\u00f3n proyecta responsabilidad y conciencia ecol\u00f3gica, especialmente al instalar l\u00e1mparas solares en \u00e1reas suburbanas.<\/p>\n<p>POTENCIA: 200W<br \/>\nLUZ BLANCAA 6,500 K + RGB<br \/>\n100 Im\/watt<br \/>\nINDICE DE PROTECCION: IP67<br \/>\n50,000 HORAS DE VIDA UTIL<br \/>\nANGULO DE ILUMINACION: 150<br \/>\n672 LED SMD A 6,500 K<br \/>\n72 LED RGB<br \/>\nDURACION DE 8-10 HORAS DE UsO POR CARGA<br \/>\nPANEL SOLAR DE SILICON MONOCRISTALINO<br \/>\nPESO: 3.5 KG<br \/>\nCAPACIDAD DE LA BATERIA: 24 vcc 20,000 mAh<br \/>\nPARA USO EXTERIOR<\/p>\n<p>*LA LAMPARA SE RECARGA CON EL SOL, TIENE SENSOR DE MOVIMIENTO, CUANDO POR LAS NOCHES PRENDE AUTOMATICAMENTE Y CUANDO NO DETECTA MOVIMIENTO, BAJA SU INTENSIDAD A UN 50% APROX (NO SE APAGA) LA BATERIA DURA ENTRE 8-10HRS.*<\/p>\n","protected":false},"excerpt":{"rendered":"<p>El objetivo de un alumbrado sustentable es reemplazar las luminarias convencionales por modelos solares, eliminando as\u00ed el consumo de energ\u00eda el\u00e9ctrica. Al instalar luminarias Zolar LED, no solo fomentamos el ahorro de energ\u00eda, sino que tambi\u00e9n reflejamos nuestro compromiso con la sustentabilidad y el cuidado del medio ambiente. Este tipo de iluminaci\u00f3n proyecta responsabilidad y [&hellip;]<\/p>\n","protected":false},"featured_media":475,"comment_status":"open","ping_status":"closed","template":"","meta":[],"product_brand":[],"product_cat":[54],"product_tag":[],"class_list":{"0":"post-240","1":"product","2":"type-product","3":"status-publish","4":"has-post-thumbnail","6":"product_cat-suburbana-solar-led","8":"first","9":"instock","10":"sale","11":"shipping-taxable","12":"purchasable","13":"product-type-simple"},"_links":{"self":[{"href":"https:\/\/iluminacionisledeb.com\/index.php?rest_route=\/wp\/v2\/product\/240","targetHints":{"allow":["GET"]}}],"collection":[{"href":"https:\/\/iluminacionisledeb.com\/index.php?rest_route=\/wp\/v2\/product"}],"about":[{"href":"https:\/\/iluminacionisledeb.com\/index.php?rest_route=\/wp\/v2\/types\/product"}],"replies":[{"embeddable":true,"href":"https:\/\/iluminacionisledeb.com\/index.php?rest_route=%2Fwp%2Fv2%2Fcomments&post=240"}],"wp:featuredmedia":[{"embeddable":true,"href":"https:\/\/iluminacionisledeb.com\/index.php?rest_route=\/wp\/v2\/media\/475"}],"wp:attachment":[{"href":"https:\/\/iluminacionisledeb.com\/index.php?rest_route=%2Fwp%2Fv2%2Fmedia&parent=240"}],"wp:term":[{"taxonomy":"product_brand","embeddable":true,"href":"https:\/\/iluminacionisledeb.com\/index.php?rest_route=%2Fwp%2Fv2%2Fproduct_brand&post=240"},{"taxonomy":"product_cat","embeddable":true,"href":"https:\/\/iluminacionisledeb.com\/index.php?rest_route=%2Fwp%2Fv2%2Fproduct_cat&post=240"},{"taxonomy":"product_tag","embeddable":true,"href":"https:\/\/iluminacionisledeb.com\/index.php?rest_route=%2Fwp%2Fv2%2Fproduct_tag&post=240"}],"curies":[{"name":"wp","href":"https:\/\/api.w.org\/{rel}","templated":true}]}}