{"id":262,"date":"2024-08-16T17:18:30","date_gmt":"2024-08-16T17:18:30","guid":{"rendered":"https:\/\/luminicled.com\/?post_type=product&#038;p=262"},"modified":"2025-03-29T18:56:02","modified_gmt":"2025-03-29T18:56:02","slug":"lampara-solar-suburbana-zl-sld-300w","status":"publish","type":"product","link":"https:\/\/iluminacionisledeb.com\/?product=lampara-solar-suburbana-zl-sld-300w","title":{"rendered":"L\u00e1mpara Solar Suburbana ZL-SLD-300W"},"content":{"rendered":"<p>El objetivo de un alumbrado sustentable es reemplazar las luminarias convencionales por modelos solares, eliminando as\u00ed el consumo de energ\u00eda el\u00e9ctrica. Al instalar luminarias Zolar LED, no solo fomentamos el ahorro de energ\u00eda, sino que tambi\u00e9n reflejamos nuestro compromiso con la sustentabilidad y el cuidado del medio ambiente. Este tipo de iluminaci\u00f3n proyecta responsabilidad y conciencia ecol\u00f3gica, especialmente al instalar l\u00e1mparas solares en \u00e1reas suburbanas.<\/p>\n<p>Importante: La l\u00e1mpara se recarga con la energ\u00eda solar, y la bater\u00eda proporciona entre 8 y 10 horas de funcionamiento con una carga completa.<\/p>\n<p>POTENCIA: 300W<br \/>\nLUZ BLANCA A6, 000 *K<br \/>\n90 Im\/watt<br \/>\nINDICE DE PROTECCION: IP65<br \/>\n50,000 HORAS DE VIDA \u00daTIL<br \/>\nANGULO DE ILUMINACI\u00d3N: 120%<br \/>\n400 LED SMD<br \/>\nDURACI\u00d3N DE 8-10 HORAS DE USO POR CARGA<br \/>\nPANEL SOLAR DE 25W 6V<br \/>\nPANEL SOLAR DE SILIC\u00d3N MONOCRISTALINO<br \/>\nPESO: 6.25 KG<br \/>\nCAPACIDAD DE LA BATERIA: 24 VCG 20,000 mAh<br \/>\nPARA USO EXTERIOR<\/p>\n<p>*LA LAMPARA SE RECARGA CON EL SOL, \u00a0LA BATERIA DURA ENTRE 8-10 HRS.*<\/p>\n<p>&nbsp;<\/p>\n<p><img loading=\"lazy\" decoding=\"async\" class=\"wp-image-1327 aligncenter\" src=\"https:\/\/leoniluminacion.mx\/wp-content\/uploads\/2022\/06\/FICHA-TECNICA-4.jpg\" alt=\"\" width=\"447\" height=\"656\" \/><\/p>\n","protected":false},"excerpt":{"rendered":"<p>El objetivo de un alumbrado sustentable es reemplazar las luminarias convencionales por modelos solares, eliminando as\u00ed el consumo de energ\u00eda el\u00e9ctrica. Al instalar luminarias Zolar LED, no solo fomentamos el ahorro de energ\u00eda, sino que tambi\u00e9n reflejamos nuestro compromiso con la sustentabilidad y el cuidado del medio ambiente. Este tipo de iluminaci\u00f3n proyecta responsabilidad y [&hellip;]<\/p>\n","protected":false},"featured_media":480,"comment_status":"open","ping_status":"closed","template":"","meta":[],"product_brand":[],"product_cat":[54],"product_tag":[58],"class_list":{"0":"post-262","1":"product","2":"type-product","3":"status-publish","4":"has-post-thumbnail","6":"product_cat-suburbana-solar-led","7":"product_tag-lamparas-solares-para-exteriores","9":"first","10":"instock","11":"sale","12":"shipping-taxable","13":"purchasable","14":"product-type-simple"},"_links":{"self":[{"href":"https:\/\/iluminacionisledeb.com\/index.php?rest_route=\/wp\/v2\/product\/262","targetHints":{"allow":["GET"]}}],"collection":[{"href":"https:\/\/iluminacionisledeb.com\/index.php?rest_route=\/wp\/v2\/product"}],"about":[{"href":"https:\/\/iluminacionisledeb.com\/index.php?rest_route=\/wp\/v2\/types\/product"}],"replies":[{"embeddable":true,"href":"https:\/\/iluminacionisledeb.com\/index.php?rest_route=%2Fwp%2Fv2%2Fcomments&post=262"}],"wp:featuredmedia":[{"embeddable":true,"href":"https:\/\/iluminacionisledeb.com\/index.php?rest_route=\/wp\/v2\/media\/480"}],"wp:attachment":[{"href":"https:\/\/iluminacionisledeb.com\/index.php?rest_route=%2Fwp%2Fv2%2Fmedia&parent=262"}],"wp:term":[{"taxonomy":"product_brand","embeddable":true,"href":"https:\/\/iluminacionisledeb.com\/index.php?rest_route=%2Fwp%2Fv2%2Fproduct_brand&post=262"},{"taxonomy":"product_cat","embeddable":true,"href":"https:\/\/iluminacionisledeb.com\/index.php?rest_route=%2Fwp%2Fv2%2Fproduct_cat&post=262"},{"taxonomy":"product_tag","embeddable":true,"href":"https:\/\/iluminacionisledeb.com\/index.php?rest_route=%2Fwp%2Fv2%2Fproduct_tag&post=262"}],"curies":[{"name":"wp","href":"https:\/\/api.w.org\/{rel}","templated":true}]}}