{"id":266,"date":"2024-08-16T17:18:30","date_gmt":"2024-08-16T17:18:30","guid":{"rendered":"https:\/\/luminicled.com\/?post_type=product&#038;p=266"},"modified":"2026-01-09T12:33:46","modified_gmt":"2026-01-09T12:33:46","slug":"lampara-solar-suburbana-zl-sld-150w-cob","status":"publish","type":"product","link":"https:\/\/iluminacionisledeb.com\/?product=lampara-solar-suburbana-zl-sld-150w-cob","title":{"rendered":"L\u00e1mpara Solar Suburbana ZL-SLD-150W COB"},"content":{"rendered":"<p>El objetivo de un alumbrado sustentable es reemplazar las luminarias convencionales por modelos solares, eliminando as\u00ed el consumo de energ\u00eda el\u00e9ctrica. Al instalar luminarias Zolar LED, no solo fomentamos el ahorro de energ\u00eda, sino que tambi\u00e9n reflejamos nuestro compromiso con la sustentabilidad y el cuidado del medio ambiente. Este tipo de iluminaci\u00f3n proyecta responsabilidad y conciencia ecol\u00f3gica, especialmente al instalar l\u00e1mparas solares en \u00e1reas suburbanas.<\/p>\n<p>POTENCIA: 150w<br \/>\nLUZ BLANCA A 6,500 oK<br \/>\n100 120 Im\/watt<br \/>\nINDICE DE PROTECCION: IP65<br \/>\n50, 000 HORAS DE VIDA UTIL<br \/>\nANGULO DE ILUMINACION: 120<br \/>\nLED COB DE ALTO BRILLO<br \/>\nPANEL SOLAR DE 18W\/ 6V<br \/>\nDURACION DE 12 HORAS DE USO POR CARGA<br \/>\nPANEL SOLAR DE SILICON MONOCRISTALINO<br \/>\nPESO: 3.5 KG<br \/>\nCAPACIDAD DELA BATERIA: 24 vcc 20,000 mAh<br \/>\nPARA USO EXTERIOR<br \/>\n*PRENDE POR LAS NOCHES Y SE APAGA POR LAS MA\u00d1ANAS DE FORMA AUTOMATICA*<\/p>\n<p>*LA LAMPARA SE RECARGA CON EL SOL, \u00a0POR LAS NOCHES PRENDE , \u00a0LA BATERIA DURA ENTRE 8-10 HRS.*<\/p>\n<p>&nbsp;<\/p>\n<p><img loading=\"lazy\" decoding=\"async\" class=\"wp-image-363 aligncenter\" src=\"https:\/\/www.zolarled.mx\/wp-content\/uploads\/2022\/04\/150-COB-694x1024.jpg\" sizes=\"auto, (max-width: 562px) 100vw, 562px\" srcset=\"https:\/\/www.zolarled.mx\/wp-content\/uploads\/2022\/04\/150-COB-694x1024.jpg 694w, https:\/\/www.zolarled.mx\/wp-content\/uploads\/2022\/04\/150-COB-203x300.jpg 203w, https:\/\/www.zolarled.mx\/wp-content\/uploads\/2022\/04\/150-COB-768x1134.jpg 768w, https:\/\/www.zolarled.mx\/wp-content\/uploads\/2022\/04\/150-COB-600x886.jpg 600w, https:\/\/www.zolarled.mx\/wp-content\/uploads\/2022\/04\/150-COB-48x71.jpg 48w, https:\/\/www.zolarled.mx\/wp-content\/uploads\/2022\/04\/150-COB.jpg 1023w\" alt=\"\" width=\"562\" height=\"829\" \/><\/p>\n","protected":false},"excerpt":{"rendered":"<p>El objetivo de un alumbrado sustentable es reemplazar las luminarias convencionales por modelos solares, eliminando as\u00ed el consumo de energ\u00eda el\u00e9ctrica. Al instalar luminarias Zolar LED, no solo fomentamos el ahorro de energ\u00eda, sino que tambi\u00e9n reflejamos nuestro compromiso con la sustentabilidad y el cuidado del medio ambiente. Este tipo de iluminaci\u00f3n proyecta responsabilidad y [&hellip;]<\/p>\n","protected":false},"featured_media":498,"comment_status":"open","ping_status":"closed","template":"","meta":[],"product_brand":[],"product_cat":[54],"product_tag":[63,58,64],"class_list":{"0":"post-266","1":"product","2":"type-product","3":"status-publish","4":"has-post-thumbnail","6":"product_cat-suburbana-solar-led","7":"product_tag-lamparas-solares","8":"product_tag-lamparas-solares-para-exteriores","9":"product_tag-lamparas-suburbanas-solares","11":"first","12":"instock","13":"sale","14":"shipping-taxable","15":"purchasable","16":"product-type-simple"},"_links":{"self":[{"href":"https:\/\/iluminacionisledeb.com\/index.php?rest_route=\/wp\/v2\/product\/266","targetHints":{"allow":["GET"]}}],"collection":[{"href":"https:\/\/iluminacionisledeb.com\/index.php?rest_route=\/wp\/v2\/product"}],"about":[{"href":"https:\/\/iluminacionisledeb.com\/index.php?rest_route=\/wp\/v2\/types\/product"}],"replies":[{"embeddable":true,"href":"https:\/\/iluminacionisledeb.com\/index.php?rest_route=%2Fwp%2Fv2%2Fcomments&post=266"}],"wp:featuredmedia":[{"embeddable":true,"href":"https:\/\/iluminacionisledeb.com\/index.php?rest_route=\/wp\/v2\/media\/498"}],"wp:attachment":[{"href":"https:\/\/iluminacionisledeb.com\/index.php?rest_route=%2Fwp%2Fv2%2Fmedia&parent=266"}],"wp:term":[{"taxonomy":"product_brand","embeddable":true,"href":"https:\/\/iluminacionisledeb.com\/index.php?rest_route=%2Fwp%2Fv2%2Fproduct_brand&post=266"},{"taxonomy":"product_cat","embeddable":true,"href":"https:\/\/iluminacionisledeb.com\/index.php?rest_route=%2Fwp%2Fv2%2Fproduct_cat&post=266"},{"taxonomy":"product_tag","embeddable":true,"href":"https:\/\/iluminacionisledeb.com\/index.php?rest_route=%2Fwp%2Fv2%2Fproduct_tag&post=266"}],"curies":[{"name":"wp","href":"https:\/\/api.w.org\/{rel}","templated":true}]}}