{"id":293,"date":"2024-08-16T17:18:54","date_gmt":"2024-08-16T17:18:54","guid":{"rendered":"https:\/\/luminicled.com\/?post_type=product&#038;p=293"},"modified":"2025-03-29T18:45:44","modified_gmt":"2025-03-29T18:45:44","slug":"reflector-de-led-solar-60w-zl-rs-60w","status":"publish","type":"product","link":"https:\/\/iluminacionisledeb.com\/?product=reflector-de-led-solar-60w-zl-rs-60w","title":{"rendered":"Reflector de led solar 60w ZL-RS-60W"},"content":{"rendered":"<p>El objetivo de un alumbrado sustentable es reemplazar las luminarias convencionales por modelos solares, eliminando as\u00ed el consumo de energ\u00eda el\u00e9ctrica. Al instalar luminarias Zolar LED, no solo fomentamos el ahorro de energ\u00eda, sino que tambi\u00e9n reflejamos nuestro compromiso con la sustentabilidad y el cuidado del medio ambiente. Este tipo de iluminaci\u00f3n proyecta responsabilidad y conciencia ecol\u00f3gica, especialmente al instalar l\u00e1mparas solares en \u00e1reas suburbanas.<\/p>\n<p>Importante: La l\u00e1mpara se recarga con la energ\u00eda solar, y la bater\u00eda proporciona entre 8 y 10 horas de funcionamiento con una carga completa.<\/p>\n<p>&nbsp;<\/p>\n<p>MARCA: \u00abZOLAR LED\u00bb<\/p>\n<p>POTENCIA: 60W<br \/>\nLUZ BLANCA A 6,500 oK<br \/>\n100 Im\/watt<br \/>\nINDICE DE PROTECCION: IP67<br \/>\n50, ,000 HORAS DE VIDA UTIL<br \/>\nANGULO DE ILUMINACION: 120<br \/>\n53 LED DE ALTO BRILLO<br \/>\nPANEL SOLAR DE 8w 15V<br \/>\nDURACION DE 8 &#8211; 10 HORAS DE UsO POR CARGA<br \/>\nPANEL SOLAR DE SILIC\u00f3N MONOCRISTALINO<br \/>\nPESO: 1.5 KG<br \/>\nCAPACIDAD DE LA BATERIA: 24 VCC 5, 000 mAh<br \/>\nPARA USO EXTERIOR<br \/>\n*TIENE LA FUNCION DE ENCENDIDO AUTOM\u00c1TICO EN CUANTO NO DETECTA LUZ SOLAR*<\/p>\n<p><img loading=\"lazy\" decoding=\"async\" class=\"alignnone wp-image-1304\" src=\"https:\/\/leoniluminacion.mx\/wp-content\/uploads\/2022\/06\/FICHA-TECNICA-ZL-RS-60W.pdf.1.jpg\" alt=\"\" width=\"658\" height=\"969\" \/><\/p>\n","protected":false},"excerpt":{"rendered":"<p>El objetivo de un alumbrado sustentable es reemplazar las luminarias convencionales por modelos solares, eliminando as\u00ed el consumo de energ\u00eda el\u00e9ctrica. Al instalar luminarias Zolar LED, no solo fomentamos el ahorro de energ\u00eda, sino que tambi\u00e9n reflejamos nuestro compromiso con la sustentabilidad y el cuidado del medio ambiente. Este tipo de iluminaci\u00f3n proyecta responsabilidad y [&hellip;]<\/p>\n","protected":false},"featured_media":500,"comment_status":"open","ping_status":"closed","template":"","meta":[],"product_brand":[],"product_cat":[59],"product_tag":[65,66,60],"class_list":{"0":"post-293","1":"product","2":"type-product","3":"status-publish","4":"has-post-thumbnail","6":"product_cat-reflectores","7":"product_tag-refelector-led-solar","8":"product_tag-reflector-led","9":"product_tag-reflectores-led","11":"first","12":"instock","13":"sale","14":"shipping-taxable","15":"purchasable","16":"product-type-simple"},"_links":{"self":[{"href":"https:\/\/iluminacionisledeb.com\/index.php?rest_route=\/wp\/v2\/product\/293","targetHints":{"allow":["GET"]}}],"collection":[{"href":"https:\/\/iluminacionisledeb.com\/index.php?rest_route=\/wp\/v2\/product"}],"about":[{"href":"https:\/\/iluminacionisledeb.com\/index.php?rest_route=\/wp\/v2\/types\/product"}],"replies":[{"embeddable":true,"href":"https:\/\/iluminacionisledeb.com\/index.php?rest_route=%2Fwp%2Fv2%2Fcomments&post=293"}],"wp:featuredmedia":[{"embeddable":true,"href":"https:\/\/iluminacionisledeb.com\/index.php?rest_route=\/wp\/v2\/media\/500"}],"wp:attachment":[{"href":"https:\/\/iluminacionisledeb.com\/index.php?rest_route=%2Fwp%2Fv2%2Fmedia&parent=293"}],"wp:term":[{"taxonomy":"product_brand","embeddable":true,"href":"https:\/\/iluminacionisledeb.com\/index.php?rest_route=%2Fwp%2Fv2%2Fproduct_brand&post=293"},{"taxonomy":"product_cat","embeddable":true,"href":"https:\/\/iluminacionisledeb.com\/index.php?rest_route=%2Fwp%2Fv2%2Fproduct_cat&post=293"},{"taxonomy":"product_tag","embeddable":true,"href":"https:\/\/iluminacionisledeb.com\/index.php?rest_route=%2Fwp%2Fv2%2Fproduct_tag&post=293"}],"curies":[{"name":"wp","href":"https:\/\/api.w.org\/{rel}","templated":true}]}}