{"id":344,"date":"2024-08-16T17:19:26","date_gmt":"2024-08-16T17:19:26","guid":{"rendered":"https:\/\/luminicled.com\/?post_type=product&#038;p=344"},"modified":"2025-11-15T04:40:45","modified_gmt":"2025-11-15T04:40:45","slug":"lampara-suburbana-solar-zl-rs-100w-cob","status":"publish","type":"product","link":"https:\/\/iluminacionisledeb.com\/?product=lampara-suburbana-solar-zl-rs-100w-cob","title":{"rendered":"Lampara Suburbana Solar ZL-RS-100W -COB"},"content":{"rendered":"<p>El objetivo de un alumbrado sustentable es reemplazar las luminarias convencionales por modelos solares, eliminando as\u00ed el consumo de energ\u00eda el\u00e9ctrica. Al instalar luminarias Zolar LED, no solo fomentamos el ahorro de energ\u00eda, sino que tambi\u00e9n reflejamos nuestro compromiso con la sustentabilidad y el cuidado del medio ambiente. Este tipo de iluminaci\u00f3n proyecta responsabilidad y conciencia ecol\u00f3gica, especialmente al instalar l\u00e1mparas solares en \u00e1reas suburbanas.<\/p>\n<p>Especificaciones del producto<\/p>\n<p>\u2022 Potencia: 100W<\/p>\n<p>\u2022 Luz blanca: 6,500\u00b0K<\/p>\n<p>\u2022 Eficiencia luminosa: 100-120 lm\/watt<\/p>\n<p>\u2022 \u00cdndice de protecci\u00f3n: IP67<\/p>\n<p>\u2022 Vida \u00fatil: 50,000 horas<\/p>\n<p>\u2022 \u00c1ngulo de iluminaci\u00f3n: 150\u00b0<\/p>\n<p>\u2022 LED COB: 6,500\u00b0K<\/p>\n<p>\u2022 Sensor radar de movimiento<\/p>\n<p>\u2022 Duraci\u00f3n de uso por carga: 8-10 horas<\/p>\n<p>\u2022 Panel solar: Silic\u00f3n monocristalino<\/p>\n<p>\u2022 Peso: 2 kg<\/p>\n<p>\u2022 Capacidad de la bater\u00eda: 24 VCC, 12,000 mAh<\/p>\n<p>\u2022 Para uso exterior<\/p>\n<p>&nbsp;<\/p>\n<p>\ud83d\udd39 La l\u00e1mpara se recarga con el sol y cuenta con sensor de movimiento. Por las noches, enciende autom\u00e1ticamente y, cuando no detecta movimiento, reduce su intensidad al 50 % aproximadamente (no se apaga). La bater\u00eda dura entre 8 y 10 horas.<\/p>\n<p><img loading=\"lazy\" decoding=\"async\" class=\"wp-image-1297 alignleft\" src=\"https:\/\/leoniluminacion.mx\/wp-content\/uploads\/2023\/02\/FICHA-TECNICA.jpg\" alt=\"\" width=\"417\" height=\"616\" \/><\/p>\n<p>&nbsp;<\/p>\n","protected":false},"excerpt":{"rendered":"<p>Lampara suburbana Solar Led 100w Cob<\/p>\n","protected":false},"featured_media":535,"comment_status":"open","ping_status":"closed","template":"","meta":[],"product_brand":[],"product_cat":[54],"product_tag":[85,86,87,88,89],"class_list":{"0":"post-344","1":"product","2":"type-product","3":"status-publish","4":"has-post-thumbnail","6":"product_cat-suburbana-solar-led","7":"product_tag-cob-suburbana-100w","8":"product_tag-lapmapara-suburbana-led-100-w-cob","9":"product_tag-solar-led-100w-cob","10":"product_tag-suburbana-100w-cob","11":"product_tag-suburbana-led-cob-100w","13":"first","14":"instock","15":"sale","16":"shipping-taxable","17":"purchasable","18":"product-type-simple"},"_links":{"self":[{"href":"https:\/\/iluminacionisledeb.com\/index.php?rest_route=\/wp\/v2\/product\/344","targetHints":{"allow":["GET"]}}],"collection":[{"href":"https:\/\/iluminacionisledeb.com\/index.php?rest_route=\/wp\/v2\/product"}],"about":[{"href":"https:\/\/iluminacionisledeb.com\/index.php?rest_route=\/wp\/v2\/types\/product"}],"replies":[{"embeddable":true,"href":"https:\/\/iluminacionisledeb.com\/index.php?rest_route=%2Fwp%2Fv2%2Fcomments&post=344"}],"wp:featuredmedia":[{"embeddable":true,"href":"https:\/\/iluminacionisledeb.com\/index.php?rest_route=\/wp\/v2\/media\/535"}],"wp:attachment":[{"href":"https:\/\/iluminacionisledeb.com\/index.php?rest_route=%2Fwp%2Fv2%2Fmedia&parent=344"}],"wp:term":[{"taxonomy":"product_brand","embeddable":true,"href":"https:\/\/iluminacionisledeb.com\/index.php?rest_route=%2Fwp%2Fv2%2Fproduct_brand&post=344"},{"taxonomy":"product_cat","embeddable":true,"href":"https:\/\/iluminacionisledeb.com\/index.php?rest_route=%2Fwp%2Fv2%2Fproduct_cat&post=344"},{"taxonomy":"product_tag","embeddable":true,"href":"https:\/\/iluminacionisledeb.com\/index.php?rest_route=%2Fwp%2Fv2%2Fproduct_tag&post=344"}],"curies":[{"name":"wp","href":"https:\/\/api.w.org\/{rel}","templated":true}]}}