{"id":382,"date":"2024-08-16T17:19:56","date_gmt":"2024-08-16T17:19:56","guid":{"rendered":"https:\/\/luminicled.com\/?post_type=product&#038;p=382"},"modified":"2025-03-29T18:48:04","modified_gmt":"2025-03-29T18:48:04","slug":"reflector-de-led-solar-zl-rs-300w","status":"publish","type":"product","link":"https:\/\/iluminacionisledeb.com\/?product=reflector-de-led-solar-zl-rs-300w","title":{"rendered":"Reflector de led solar ZL-RS-300w"},"content":{"rendered":"<p>El objetivo de un alumbrado sustentable es reemplazar las luminarias convencionales por modelos solares, eliminando as\u00ed el consumo de energ\u00eda el\u00e9ctrica. Al instalar luminarias Zolar LED, no solo fomentamos el ahorro de energ\u00eda, sino que tambi\u00e9n reflejamos nuestro compromiso con la sustentabilidad y el cuidado del medio ambiente. Este tipo de iluminaci\u00f3n proyecta responsabilidad y conciencia ecol\u00f3gica, especialmente al instalar l\u00e1mparas solares en \u00e1reas suburbanas.<\/p>\n<p>Importante: La l\u00e1mpara se recarga con la energ\u00eda solar, y la bater\u00eda proporciona entre 8 y 10 horas de funcionamiento con una carga completa.<\/p>\n<p>MARCA: \u00abZOLAR LED\u00bb<\/p>\n<p>POTENCIA: 300W<br \/>\nLUZ BLANCA A 6,000 *K<br \/>\n90 Im\/watt<br \/>\nINDICE DE PROTECCION: IP67<br \/>\n50, 000 HORAS DE VIDA UTIL<br \/>\nANGULO DE ILUMINACION: 120<br \/>\n416 LED SMD<br \/>\nREFLECTOR DE PVC + METAL<br \/>\nDURACION DE 8 &#8211; 10 HORAS DE UsO POR CARGA<br \/>\nPANEL SOLAR DE SILIC\u00d3N MONOCRISTALINO<br \/>\nPESO: 6.5 KG<br \/>\nCAPACIDAD DE LA BATERIA: 24,000 mA<br \/>\nPARA UsO EXTERIOR<\/p>\n<p>*TIENE LA FUNCI\u00d3N DE ENCENDIDO AUTOM\u00c1TICO AL NO DETECTAR LUZ SOLAR*<\/p>\n<p>&nbsp;<\/p>\n<p><img loading=\"lazy\" decoding=\"async\" class=\"wp-image-1299 aligncenter\" src=\"https:\/\/leoniluminacion.mx\/wp-content\/uploads\/2023\/02\/FICHA-TECNICA-1.jpg\" alt=\"\" width=\"518\" height=\"756\" \/><\/p>\n","protected":false},"excerpt":{"rendered":"<p>Reflector de led Solar 300w<\/p>\n","protected":false},"featured_media":539,"comment_status":"open","ping_status":"closed","template":"","meta":[],"product_brand":[],"product_cat":[59],"product_tag":[90,91,92,93],"class_list":{"0":"post-382","1":"product","2":"type-product","3":"status-publish","4":"has-post-thumbnail","6":"product_cat-reflectores","7":"product_tag-300w-reflector-de-led","8":"product_tag-reflector-_solar_led_300w","9":"product_tag-reflector-de-led-300w","10":"product_tag-reflector_led_300w","12":"first","13":"instock","14":"sale","15":"shipping-taxable","16":"purchasable","17":"product-type-simple"},"_links":{"self":[{"href":"https:\/\/iluminacionisledeb.com\/index.php?rest_route=\/wp\/v2\/product\/382","targetHints":{"allow":["GET"]}}],"collection":[{"href":"https:\/\/iluminacionisledeb.com\/index.php?rest_route=\/wp\/v2\/product"}],"about":[{"href":"https:\/\/iluminacionisledeb.com\/index.php?rest_route=\/wp\/v2\/types\/product"}],"replies":[{"embeddable":true,"href":"https:\/\/iluminacionisledeb.com\/index.php?rest_route=%2Fwp%2Fv2%2Fcomments&post=382"}],"wp:featuredmedia":[{"embeddable":true,"href":"https:\/\/iluminacionisledeb.com\/index.php?rest_route=\/wp\/v2\/media\/539"}],"wp:attachment":[{"href":"https:\/\/iluminacionisledeb.com\/index.php?rest_route=%2Fwp%2Fv2%2Fmedia&parent=382"}],"wp:term":[{"taxonomy":"product_brand","embeddable":true,"href":"https:\/\/iluminacionisledeb.com\/index.php?rest_route=%2Fwp%2Fv2%2Fproduct_brand&post=382"},{"taxonomy":"product_cat","embeddable":true,"href":"https:\/\/iluminacionisledeb.com\/index.php?rest_route=%2Fwp%2Fv2%2Fproduct_cat&post=382"},{"taxonomy":"product_tag","embeddable":true,"href":"https:\/\/iluminacionisledeb.com\/index.php?rest_route=%2Fwp%2Fv2%2Fproduct_tag&post=382"}],"curies":[{"name":"wp","href":"https:\/\/api.w.org\/{rel}","templated":true}]}}