{"id":386,"date":"2024-08-16T17:19:56","date_gmt":"2024-08-16T17:19:56","guid":{"rendered":"https:\/\/luminicled.com\/?post_type=product&#038;p=386"},"modified":"2024-11-04T23:31:12","modified_gmt":"2024-11-04T23:31:12","slug":"candil-led-spider-80w-leon-iluminacion","status":"publish","type":"product","link":"https:\/\/iluminacionisledeb.com\/?product=candil-led-spider-80w-leon-iluminacion","title":{"rendered":"Candil Led SPIDER 80w Leon Iluminaci\u00f3n"},"content":{"rendered":"<p>Dise\u00f1o moderno con iluminaci\u00f3n LED, dimeables en tres tonos de luz controla la intensidad y tono a tu elecci\u00f3n, combinaci\u00f3n de dise\u00f1os exclusivos con los m\u00e1s altos est\u00e1ndares calidad, produce un ambiente \u00fanico, moderno y adecuado para cualquier \u00e1rea del hogar u oficina.<\/p>\n<p>La iluminaci\u00f3n led est\u00e1 a favor de la ecolog\u00eda ya que es un potente ahorrador de energ\u00eda, hasta un 80%, menos de consumo de luz comparado con una bombilla incandescente tradicional.<\/p>\n<p>Con nuestros candiles generaras una atmosfera con un estilo sofisticado cada uno de nuestros dise\u00f1os son delicadamente pensados en estilos modernos y elegantes.<\/p>\n<p>Somos la empresa con mayor innovaci\u00f3n y potencia en iluminaci\u00f3n ya que todos nuestros dise\u00f1os est\u00e1n creados en tama\u00f1o m\u00e1s grande ideal as\u00ed para lucir e iluminar cada espacio.<\/p>\n<p>Temperatura de color: 3,000\u00b0K A 6,000\u00b0K<br \/>\nVoltaje: 110V \/ 220V<br \/>\nPotencia 80 W LED<br \/>\nMaterial Aluminio + Metal<br \/>\nLargo: 50CM<br \/>\nAncho:50CM<br \/>\nAlto:23CM<br \/>\nDi\u00e1metro Base:23CM<br \/>\nAlto Base: 23CM<br \/>\nAltura M\u00e1xima (Ajustable) : 1M<br \/>\nPeso:2.5 Kg<\/p>\n<p><img loading=\"lazy\" decoding=\"async\" class=\"wp-image-1031 aligncenter\" src=\"https:\/\/leoniluminacion.mx\/wp-content\/uploads\/2023\/03\/spider.jpg\" alt=\"\" width=\"525\" height=\"753\" \/><\/p>\n","protected":false},"excerpt":{"rendered":"<p>Dise\u00f1o moderno con iluminaci\u00f3n LED, dimeables en tres tonos de luz controla la intensidad y tono a tu elecci\u00f3n, combinaci\u00f3n de dise\u00f1os exclusivos con los m\u00e1s altos est\u00e1ndares calidad, produce un ambiente \u00fanico, moderno y adecuado para cualquier \u00e1rea del hogar u oficina. La iluminaci\u00f3n led est\u00e1 a favor de la ecolog\u00eda ya que es [&hellip;]<\/p>\n","protected":false},"featured_media":565,"comment_status":"open","ping_status":"closed","template":"","meta":[],"product_brand":[],"product_cat":[19],"product_tag":[104,105,106],"class_list":{"0":"post-386","1":"product","2":"type-product","3":"status-publish","4":"has-post-thumbnail","6":"product_cat-candiles-led","7":"product_tag-candil-led-80w","8":"product_tag-candil-led-spider","9":"product_tag-candil_led_80w_spider","11":"first","12":"instock","13":"sale","14":"shipping-taxable","15":"purchasable","16":"product-type-simple"},"_links":{"self":[{"href":"https:\/\/iluminacionisledeb.com\/index.php?rest_route=\/wp\/v2\/product\/386","targetHints":{"allow":["GET"]}}],"collection":[{"href":"https:\/\/iluminacionisledeb.com\/index.php?rest_route=\/wp\/v2\/product"}],"about":[{"href":"https:\/\/iluminacionisledeb.com\/index.php?rest_route=\/wp\/v2\/types\/product"}],"replies":[{"embeddable":true,"href":"https:\/\/iluminacionisledeb.com\/index.php?rest_route=%2Fwp%2Fv2%2Fcomments&post=386"}],"wp:featuredmedia":[{"embeddable":true,"href":"https:\/\/iluminacionisledeb.com\/index.php?rest_route=\/wp\/v2\/media\/565"}],"wp:attachment":[{"href":"https:\/\/iluminacionisledeb.com\/index.php?rest_route=%2Fwp%2Fv2%2Fmedia&parent=386"}],"wp:term":[{"taxonomy":"product_brand","embeddable":true,"href":"https:\/\/iluminacionisledeb.com\/index.php?rest_route=%2Fwp%2Fv2%2Fproduct_brand&post=386"},{"taxonomy":"product_cat","embeddable":true,"href":"https:\/\/iluminacionisledeb.com\/index.php?rest_route=%2Fwp%2Fv2%2Fproduct_cat&post=386"},{"taxonomy":"product_tag","embeddable":true,"href":"https:\/\/iluminacionisledeb.com\/index.php?rest_route=%2Fwp%2Fv2%2Fproduct_tag&post=386"}],"curies":[{"name":"wp","href":"https:\/\/api.w.org\/{rel}","templated":true}]}}