{"id":424,"date":"2024-08-16T17:20:24","date_gmt":"2024-08-16T17:20:24","guid":{"rendered":"https:\/\/luminicled.com\/?post_type=product&#038;p=424"},"modified":"2025-11-15T04:39:44","modified_gmt":"2025-11-15T04:39:44","slug":"candil-led-worm-50w-leon-iluminacion","status":"publish","type":"product","link":"https:\/\/iluminacionisledeb.com\/?product=candil-led-worm-50w-leon-iluminacion","title":{"rendered":"Candil Led WORM 50w Leon Iluminaci\u00f3n"},"content":{"rendered":"<p>Dise\u00f1o moderno con iluminaci\u00f3n LED, dimeables en tres tonos de luz controla la intensidad y tono a tu elecci\u00f3n, combinaci\u00f3n de dise\u00f1os exclusivos con los m\u00e1s altos est\u00e1ndares calidad, produce un ambiente \u00fanico, moderno y adecuado para cualquier \u00e1rea del hogar u oficina.<\/p>\n<p>La iluminaci\u00f3n led est\u00e1 a favor de la ecolog\u00eda ya que es un potente ahorrador de energ\u00eda, hasta un 80%, menos de consumo de luz comparado con una bombilla incandescente tradicional.<\/p>\n<p>Con nuestros candiles generaras una atmosfera con un estilo sofisticado cada uno de nuestros dise\u00f1os son delicadamente pensados en estilos modernos y elegantes.<\/p>\n<p>Somos la empresa con mayor innovaci\u00f3n y potencia en iluminaci\u00f3n ya que todos nuestros dise\u00f1os est\u00e1n creados en tama\u00f1o m\u00e1s grande ideal as\u00ed para lucir e iluminar cada espacio.<br \/>\nTemperatura de color: 3,000\u00b0K A 6,000\u00b0K<br \/>\nVoltaje: 110V \/ 220V<br \/>\nPotencia 50 W LED<br \/>\nMaterial Aluminio + Metal<br \/>\nLargo:94CM<br \/>\nAncho:19CM<br \/>\nAlto:19CM<br \/>\nLargo Base:20CM<br \/>\nAncho Base:8CM<br \/>\nAlto Base: 6CM<br \/>\nAltura M\u00e1xima (Ajustable) 1M<\/p>\n<p>Peso: 2KG<img loading=\"lazy\" decoding=\"async\" class=\"alignnone wp-image-1041\" src=\"https:\/\/leoniluminacion.mx\/wp-content\/uploads\/2023\/03\/worm.jpg\" alt=\"\" width=\"404\" height=\"608\" \/><\/p>\n","protected":false},"excerpt":{"rendered":"<p>Dise\u00f1o moderno con iluminaci\u00f3n LED, dimeables en tres tonos de luz controla la intensidad y tono a tu elecci\u00f3n, combinaci\u00f3n de dise\u00f1os exclusivos con los m\u00e1s altos est\u00e1ndares calidad, produce un ambiente \u00fanico, moderno y adecuado para cualquier \u00e1rea del hogar u oficina. La iluminaci\u00f3n led est\u00e1 a favor de la ecolog\u00eda ya que es [&hellip;]<\/p>\n","protected":false},"featured_media":575,"comment_status":"open","ping_status":"closed","template":"","meta":[],"product_brand":[],"product_cat":[19],"product_tag":[107,108,109],"class_list":{"0":"post-424","1":"product","2":"type-product","3":"status-publish","4":"has-post-thumbnail","6":"product_cat-candiles-led","7":"product_tag-candil-led-_50w","8":"product_tag-candil-led-worm","9":"product_tag-candil_led-_50w_worm","11":"first","12":"instock","13":"sale","14":"shipping-taxable","15":"purchasable","16":"product-type-simple"},"_links":{"self":[{"href":"https:\/\/iluminacionisledeb.com\/index.php?rest_route=\/wp\/v2\/product\/424","targetHints":{"allow":["GET"]}}],"collection":[{"href":"https:\/\/iluminacionisledeb.com\/index.php?rest_route=\/wp\/v2\/product"}],"about":[{"href":"https:\/\/iluminacionisledeb.com\/index.php?rest_route=\/wp\/v2\/types\/product"}],"replies":[{"embeddable":true,"href":"https:\/\/iluminacionisledeb.com\/index.php?rest_route=%2Fwp%2Fv2%2Fcomments&post=424"}],"wp:featuredmedia":[{"embeddable":true,"href":"https:\/\/iluminacionisledeb.com\/index.php?rest_route=\/wp\/v2\/media\/575"}],"wp:attachment":[{"href":"https:\/\/iluminacionisledeb.com\/index.php?rest_route=%2Fwp%2Fv2%2Fmedia&parent=424"}],"wp:term":[{"taxonomy":"product_brand","embeddable":true,"href":"https:\/\/iluminacionisledeb.com\/index.php?rest_route=%2Fwp%2Fv2%2Fproduct_brand&post=424"},{"taxonomy":"product_cat","embeddable":true,"href":"https:\/\/iluminacionisledeb.com\/index.php?rest_route=%2Fwp%2Fv2%2Fproduct_cat&post=424"},{"taxonomy":"product_tag","embeddable":true,"href":"https:\/\/iluminacionisledeb.com\/index.php?rest_route=%2Fwp%2Fv2%2Fproduct_tag&post=424"}],"curies":[{"name":"wp","href":"https:\/\/api.w.org\/{rel}","templated":true}]}}