{"id":706,"date":"2025-03-29T19:32:47","date_gmt":"2025-03-29T19:32:47","guid":{"rendered":"https:\/\/luminicled.com\/?post_type=product&#038;p=706"},"modified":"2025-03-29T19:32:47","modified_gmt":"2025-03-29T19:32:47","slug":"lampara-suburbana-solar-60w-cob","status":"publish","type":"product","link":"https:\/\/iluminacionisledeb.com\/?product=lampara-suburbana-solar-60w-cob","title":{"rendered":"Lampara suburbana solar 60W COB"},"content":{"rendered":"<p class=\"\" data-start=\"109\" data-end=\"581\">El objetivo de un alumbrado sustentable es reemplazar las luminarias convencionales por modelos solares, eliminando as\u00ed el consumo de energ\u00eda el\u00e9ctrica. Al instalar luminarias <strong data-start=\"285\" data-end=\"298\">Zolar LED<\/strong>, no solo fomentamos el ahorro de energ\u00eda, sino que tambi\u00e9n reflejamos nuestro compromiso con la sustentabilidad y el cuidado del medio ambiente. Este tipo de iluminaci\u00f3n proyecta responsabilidad y conciencia ecol\u00f3gica, especialmente al instalar l\u00e1mparas solares en \u00e1reas suburbanas.<\/p>\n<p class=\"\" data-start=\"583\" data-end=\"628\"><strong data-start=\"583\" data-end=\"628\">Caracter\u00edsticas del producto &#8211; Zolar LED:<\/strong><\/p>\n<ul data-start=\"630\" data-end=\"1075\">\n<li class=\"\" data-start=\"630\" data-end=\"652\">\n<p class=\"\" data-start=\"632\" data-end=\"652\"><strong data-start=\"632\" data-end=\"645\">Potencia:<\/strong> 60W<\/p>\n<\/li>\n<li class=\"\" data-start=\"653\" data-end=\"689\">\n<p class=\"\" data-start=\"655\" data-end=\"689\"><strong data-start=\"655\" data-end=\"671\">Tipo de luz:<\/strong> Blanca (6,500K)<\/p>\n<\/li>\n<li class=\"\" data-start=\"690\" data-end=\"727\">\n<p class=\"\" data-start=\"692\" data-end=\"727\"><strong data-start=\"692\" data-end=\"716\">Eficiencia luminosa:<\/strong> 100 &#8211; 120 lm\/W<\/p>\n<\/li>\n<li class=\"\" data-start=\"728\" data-end=\"762\">\n<p class=\"\" data-start=\"730\" data-end=\"762\"><strong data-start=\"730\" data-end=\"755\">\u00cdndice de protecci\u00f3n:<\/strong> IP67<\/p>\n<\/li>\n<li class=\"\" data-start=\"763\" data-end=\"794\">\n<p class=\"\" data-start=\"765\" data-end=\"794\"><strong data-start=\"765\" data-end=\"779\">Vida \u00fatil:<\/strong> 50,000 horas<\/p>\n<\/li>\n<li class=\"\" data-start=\"795\" data-end=\"830\">\n<p class=\"\" data-start=\"797\" data-end=\"830\"><strong data-start=\"797\" data-end=\"823\">\u00c1ngulo de iluminaci\u00f3n:<\/strong> 120\u00b0<\/p>\n<\/li>\n<li class=\"\" data-start=\"831\" data-end=\"869\">\n<p class=\"\" data-start=\"833\" data-end=\"869\"><strong data-start=\"833\" data-end=\"854\">Calidad de LEDs: <\/strong>COB<\/p>\n<\/li>\n<li class=\"\" data-start=\"870\" data-end=\"926\">\n<p class=\"\" data-start=\"872\" data-end=\"926\"><strong data-start=\"872\" data-end=\"894\">Duraci\u00f3n de carga:<\/strong> 4 a 6 horas de uso por carga<\/p>\n<\/li>\n<li class=\"\" data-start=\"927\" data-end=\"983\">\n<p class=\"\" data-start=\"929\" data-end=\"983\"><strong data-start=\"929\" data-end=\"945\">Panel solar:<\/strong> silicona monocristalino<\/p>\n<\/li>\n<li class=\"\" data-start=\"984\" data-end=\"1003\">\n<p class=\"\" data-start=\"986\" data-end=\"1003\"><strong data-start=\"986\" data-end=\"995\">Peso:<\/strong> 240 g<\/p>\n<\/li>\n<li class=\"\" data-start=\"1004\" data-end=\"1055\">\n<p class=\"\" data-start=\"1006\" data-end=\"1055\"><strong data-start=\"1006\" data-end=\"1034\">Capacidad de la bater\u00eda:<\/strong> 24 VCC, 3,600 mAh<\/p>\n<\/li>\n<li class=\"\" data-start=\"1056\" data-end=\"1075\">\n<p class=\"\" data-start=\"1058\" data-end=\"1075\"><strong data-start=\"1058\" data-end=\"1066\">Uso:<\/strong> Exterior<\/p>\n<\/li>\n<\/ul>\n<p class=\"\" data-start=\"1077\" data-end=\"1222\"><b>*<\/b>La l\u00e1mpara se recarga con la energ\u00eda solar, y la bater\u00eda proporciona entre 8 y 10 horas de funcionamiento con una carga completa*<\/p>\n","protected":false},"excerpt":{"rendered":"<p>El objetivo de un alumbrado sustentable es reemplazar las luminarias convencionales por modelos solares, eliminando as\u00ed el consumo de energ\u00eda el\u00e9ctrica. Al instalar luminarias Zolar LED, no solo fomentamos el ahorro de energ\u00eda, sino que tambi\u00e9n reflejamos nuestro compromiso con la sustentabilidad y el cuidado del medio ambiente. Este tipo de iluminaci\u00f3n proyecta responsabilidad y [&hellip;]<\/p>\n","protected":false},"featured_media":0,"comment_status":"open","ping_status":"closed","template":"","meta":[],"product_brand":[],"product_cat":[54],"product_tag":[],"class_list":{"0":"post-706","1":"product","2":"type-product","3":"status-publish","5":"product_cat-suburbana-solar-led","7":"first","8":"instock","9":"sale","10":"shipping-taxable","11":"purchasable","12":"product-type-simple"},"_links":{"self":[{"href":"https:\/\/iluminacionisledeb.com\/index.php?rest_route=\/wp\/v2\/product\/706","targetHints":{"allow":["GET"]}}],"collection":[{"href":"https:\/\/iluminacionisledeb.com\/index.php?rest_route=\/wp\/v2\/product"}],"about":[{"href":"https:\/\/iluminacionisledeb.com\/index.php?rest_route=\/wp\/v2\/types\/product"}],"replies":[{"embeddable":true,"href":"https:\/\/iluminacionisledeb.com\/index.php?rest_route=%2Fwp%2Fv2%2Fcomments&post=706"}],"wp:attachment":[{"href":"https:\/\/iluminacionisledeb.com\/index.php?rest_route=%2Fwp%2Fv2%2Fmedia&parent=706"}],"wp:term":[{"taxonomy":"product_brand","embeddable":true,"href":"https:\/\/iluminacionisledeb.com\/index.php?rest_route=%2Fwp%2Fv2%2Fproduct_brand&post=706"},{"taxonomy":"product_cat","embeddable":true,"href":"https:\/\/iluminacionisledeb.com\/index.php?rest_route=%2Fwp%2Fv2%2Fproduct_cat&post=706"},{"taxonomy":"product_tag","embeddable":true,"href":"https:\/\/iluminacionisledeb.com\/index.php?rest_route=%2Fwp%2Fv2%2Fproduct_tag&post=706"}],"curies":[{"name":"wp","href":"https:\/\/api.w.org\/{rel}","templated":true}]}}