{"id":713,"date":"2025-03-29T19:51:25","date_gmt":"2025-03-29T19:51:25","guid":{"rendered":"https:\/\/luminicled.com\/?post_type=product&#038;p=713"},"modified":"2025-03-29T19:57:10","modified_gmt":"2025-03-29T19:57:10","slug":"linterna-de-mano-portatil-200w-con-celda-solar-y-usb","status":"publish","type":"product","link":"https:\/\/iluminacionisledeb.com\/?product=linterna-de-mano-portatil-200w-con-celda-solar-y-usb","title":{"rendered":"LINTERNA DE MANO PORTATIL 200W CON CELDA SOLAR Y USB"},"content":{"rendered":"<p>El objetivo de un alumbrado sustentable es reemplazar las luminarias convencionales por modelos solares, eliminando as\u00ed el consumo de energ\u00eda el\u00e9ctrica. Al instalar luminarias Zolar LED, no solo fomentamos el ahorro de energ\u00eda, sino que tambi\u00e9n reflejamos nuestro compromiso con la sustentabilidad y el cuidado del medio ambiente. Este tipo de iluminaci\u00f3n proyecta responsabilidad y conciencia ecol\u00f3gica, especialmente al instalar l\u00e1mparas solares en \u00e1reas suburbanas.<\/p>\n<p>Caracter\u00edsticas del producto &#8211; Zolar LED:<\/p>\n<p>Potencia: 200W<\/p>\n<p>Tipo de luz: Blanca (6,500K)<\/p>\n<p>Eficiencia luminosa: 90 lm\/W<\/p>\n<p>\u00cdndice de protecci\u00f3n: IP65<\/p>\n<p>Vida \u00fatil: 50,000 horas<\/p>\n<p>\u00c1ngulo de iluminaci\u00f3n: 120\u00b0<\/p>\n<p>Cantidad de LEDs: 161 LEDs SMD<\/p>\n<p>Panel solar: 15W, 6V, de silicona monocristalino<\/p>\n<p>Peso: 520 GRS<\/p>\n<p>Capacidad de la bater\u00eda: 24 VCC, 15,000 mAh<\/p>\n<p>Uso: Exterior y Interior<\/p>\n<p>Lampara de emergencia, duraci\u00f3n de 4 a 6 horas de uso por carga<\/p>\n<p>&nbsp;<\/p>\n","protected":false},"excerpt":{"rendered":"<p>El objetivo de un alumbrado sustentable es reemplazar las luminarias convencionales por modelos solares, eliminando as\u00ed el consumo de energ\u00eda el\u00e9ctrica. Al instalar luminarias Zolar LED, no solo fomentamos el ahorro de energ\u00eda, sino que tambi\u00e9n reflejamos nuestro compromiso con la sustentabilidad y el cuidado del medio ambiente. Este tipo de iluminaci\u00f3n proyecta responsabilidad y [&hellip;]<\/p>\n","protected":false},"featured_media":0,"comment_status":"open","ping_status":"closed","template":"","meta":[],"product_brand":[],"product_cat":[15],"product_tag":[],"class_list":{"0":"post-713","1":"product","2":"type-product","3":"status-publish","5":"product_cat-uncategorized","7":"first","8":"instock","9":"sale","10":"shipping-taxable","11":"purchasable","12":"product-type-simple"},"_links":{"self":[{"href":"https:\/\/iluminacionisledeb.com\/index.php?rest_route=\/wp\/v2\/product\/713","targetHints":{"allow":["GET"]}}],"collection":[{"href":"https:\/\/iluminacionisledeb.com\/index.php?rest_route=\/wp\/v2\/product"}],"about":[{"href":"https:\/\/iluminacionisledeb.com\/index.php?rest_route=\/wp\/v2\/types\/product"}],"replies":[{"embeddable":true,"href":"https:\/\/iluminacionisledeb.com\/index.php?rest_route=%2Fwp%2Fv2%2Fcomments&post=713"}],"wp:attachment":[{"href":"https:\/\/iluminacionisledeb.com\/index.php?rest_route=%2Fwp%2Fv2%2Fmedia&parent=713"}],"wp:term":[{"taxonomy":"product_brand","embeddable":true,"href":"https:\/\/iluminacionisledeb.com\/index.php?rest_route=%2Fwp%2Fv2%2Fproduct_brand&post=713"},{"taxonomy":"product_cat","embeddable":true,"href":"https:\/\/iluminacionisledeb.com\/index.php?rest_route=%2Fwp%2Fv2%2Fproduct_cat&post=713"},{"taxonomy":"product_tag","embeddable":true,"href":"https:\/\/iluminacionisledeb.com\/index.php?rest_route=%2Fwp%2Fv2%2Fproduct_tag&post=713"}],"curies":[{"name":"wp","href":"https:\/\/api.w.org\/{rel}","templated":true}]}}